{"id":297,"date":"2015-05-28T13:05:13","date_gmt":"2015-05-28T13:05:13","guid":{"rendered":"http:\/\/quanticalabs.com\/wptest\/carservice\/?page_id=297"},"modified":"2018-01-03T14:53:56","modified_gmt":"2018-01-03T13:53:56","slug":"contact-style-1","status":"publish","type":"page","link":"https:\/\/depannage-liege.be\/index.php\/contact-style-1\/","title":{"rendered":"CONTACT STYLE 1"},"content":{"rendered":"<p>[vc_row type=\u00a0\u00bbfull-width\u00a0\u00bb][vc_column]<div id='map' style='width:100%;height:px;'><\/div>\r\n\t<script type='text\/javascript'>\r\n\tvar map_map = null;\r\n\tvar coordinate_map;\r\n\ttry\r\n    {\r\n        coordinate_map=new google.maps.LatLng(50.651830, 5.496906);\r\n        var mapOptions= \r\n        {\r\n            zoom:14,\r\n            center:coordinate_map,\r\n            mapTypeId:google.maps.MapTypeId.ROADMAP,\r\n\t\t\tstreetViewControl:false,\r\n\t\t\tmapTypeControl:false,\r\n\t\t\tscrollwheel: false,\r\n\t\t\tdraggable: false,\r\n\t\t\tstyles: [ { 'featureType': 'water', 'elementType': 'geometry', 'stylers': [ { 'color': '#8ccaf1' } ] },{ 'featureType': 'poi', 'stylers': [ { 'visibility': 'off' } ] },{ 'featureType': 'transit', 'stylers': [ { 'visibility': 'off' } ] },{ 'featureType': 'water', 'elementType': 'labels', 'stylers': [ { 'color': '#ffffff' }, { 'visibility': 'simplified' } ] } ]\r\n        };\r\n        var map_map = new google.maps.Map(document.getElementById('map'),mapOptions);\r\n\t\tvar marker_map = new google.maps.Marker({\r\n\t\t\tposition: new google.maps.LatLng(50.651685, 5.496918),\r\n\t\t\tmap: map_map, icon: new google.maps.MarkerImage('https:\/\/depannage-liege.be\/wp-content\/themes\/carservice\/images\/map_pointer.png', new google.maps.Size(38, 48), null, new google.maps.Point(18, 48))\r\n\t\t});\r\n    }\r\n    catch(e) {};\r\n\tjQuery(document).ready(function($){\r\n\t\t$(window).resize(function(){\r\n\t\t\tif(map_map!=null)\r\n\t\t\t\tmap_map.setCenter(coordinate_map);\r\n\t\t});\r\n\t});\r\n\t<\/script>[\/vc_column][\/vc_row][vc_row top_margin=\u00a0\u00bbpage-margin-top\u00a0\u00bb][vc_column width=\u00a0\u00bb1\/3&Prime;]<div class=\"feature-item\"><h5>CALL US NOW AT<\/h5><div class=\"icon sl-small-phone-circle\"><\/div><p>GSM: +32 498 62 69 63<br \/>\nGSM: +32 486 82 82 75<\/p><\/div>[\/vc_column][vc_column width=\u00a0\u00bb1\/3&Prime;]<div class=\"feature-item\"><h5>TUCSON CAR SERVICE<\/h5><div class=\"icon sl-small-location-map\"><\/div><p>rue des Fran\u00e7ais, 183<br \/>\n4430 &#8211; Ans<br \/>\n<a href=\"https:\/\/goo.gl\/maps\/MRgD6Di97u82\" target=\"_blank\" rel=\"noopener\">Google Map<\/a><\/p><\/div>[\/vc_column][vc_column width=\u00a0\u00bb1\/3&Prime;]<div class=\"feature-item\"><h5>24\/7 ASSISTANCE<\/h5><div class=\"icon sl-small-truck-tow\"><\/div><p><\/p>\n<p class=\"font_8\">Prestations avec plaque garage ( plaque marchande) pour contr\u00f4le technique.<\/p>\n<p class=\"font_8\">\u200bAchats et ventes de vehicule.<\/p>\n<p class=\"font_8\">Situ\u00e9 en face du contr\u00f4le technique de Gr\u00e2ce-Hollogne, \u00e0 cot\u00e9 de chez\u00a0TEAM\u00a0sur le parking de la\u00a0carrosserie CARRO.<\/p>\n<p><\/p><\/div>[\/vc_column][\/vc_row][vc_row top_margin=\u00a0\u00bbpage-margin-top\u00a0\u00bb el_class=\u00a0\u00bbpadding-bottom-66&Prime;][vc_column]<form class=\"contact-form \" id=\"contact_form\" method=\"post\" action=\"#\">\r\n\t\t<div class=\"vc_row wpb_row vc_inner\">\r\n\t\t\t<fieldset class=\"vc_col-sm-6 wpb_column vc_column_container\">\r\n\t\t\t\t<div class=\"block\">\r\n\t\t\t\t\t<input class=\"text_input\" name=\"name\" type=\"text\" value=\"Your Name *\" placeholder=\"Your Name *\">\r\n\t\t\t\t<\/div>\r\n\t\t\t\t<div class=\"block\">\r\n\t\t\t\t\t<input class=\"text_input\" name=\"email\" type=\"text\" value=\"Your Email *\" placeholder=\"Your Email *\">\r\n\t\t\t\t<\/div>\r\n\t\t\t\t<div class=\"block\">\r\n\t\t\t\t\t<input class=\"text_input\" name=\"phone\" type=\"text\" value=\"Your Phone\" placeholder=\"Your Phone\">\r\n\t\t\t\t<\/div>\r\n\t\t\t<\/fieldset>\r\n\t\t\t<fieldset class=\"vc_col-sm-6 wpb_column vc_column_container\">\r\n\t\t\t\t<div class=\"block\">\r\n\t\t\t\t\t<textarea class=\"margin_top_10\" name=\"message\" placeholder=\"Message *\">Message *<\/textarea>\r\n\t\t\t\t<\/div>\r\n\t\t\t<\/fieldset>\r\n\t\t<\/div>\r\n\t\t<div class=\"vc_row wpb_row vc_inner margin-top-30\">\r\n\t\t\t<fieldset class=\"vc_col-sm-6 wpb_column vc_column_container\">\r\n\t\t\t\t<p>We will contact you within one business day.<\/p>\r\n\t\t\t<\/fieldset>\r\n\t\t\t<fieldset class=\"vc_col-sm-6 wpb_column vc_column_container align-right\">\r\n\t\t\t\t<input type=\"hidden\" name=\"action\" value=\"theme_contact_form\">\r\n\t\t\t\t<input type=\"hidden\" name=\"id\" value=\"contact_form\">\r\n\t\t\t\t<div class=\"vc_row wpb_row vc_inner margin-top-20 padding-bottom-20\">\r\n\t\t\t\t\t<a class=\"more submit-contact-form\" href=\"#\" title=\"SEND MESSAGE\"><span>SEND MESSAGE<\/span><\/a>\r\n\t\t\t\t<\/div>\r\n\t\t\t<\/fieldset>\r\n\t\t<\/div>\r\n\t<\/form>[\/vc_column][\/vc_row]<\/p>\n","protected":false},"excerpt":{"rendered":"<p>[vc_row type=\u00a0\u00bbfull-width\u00a0\u00bb][vc_column][\/vc_column][\/vc_row][vc_row top_margin=\u00a0\u00bbpage-margin-top\u00a0\u00bb][vc_column width=\u00a0\u00bb1\/3&Prime;][\/vc_column][vc_column width=\u00a0\u00bb1\/3&Prime;][\/vc_column][vc_column width=\u00a0\u00bb1\/3&Prime;][\/vc_column][\/vc_row][vc_row top_margin=\u00a0\u00bbpage-margin-top\u00a0\u00bb el_class=\u00a0\u00bbpadding-bottom-66&Prime;][vc_column][\/vc_column][\/vc_row]<\/p>\n","protected":false},"author":1,"featured_media":0,"parent":0,"menu_order":0,"comment_status":"open","ping_status":"open","template":"template-default-without-breadcrumbs.php","meta":[],"_links":{"self":[{"href":"https:\/\/depannage-liege.be\/index.php\/wp-json\/wp\/v2\/pages\/297"}],"collection":[{"href":"https:\/\/depannage-liege.be\/index.php\/wp-json\/wp\/v2\/pages"}],"about":[{"href":"https:\/\/depannage-liege.be\/index.php\/wp-json\/wp\/v2\/types\/page"}],"author":[{"embeddable":true,"href":"https:\/\/depannage-liege.be\/index.php\/wp-json\/wp\/v2\/users\/1"}],"replies":[{"embeddable":true,"href":"https:\/\/depannage-liege.be\/index.php\/wp-json\/wp\/v2\/comments?post=297"}],"version-history":[{"count":7,"href":"https:\/\/depannage-liege.be\/index.php\/wp-json\/wp\/v2\/pages\/297\/revisions"}],"predecessor-version":[{"id":1195,"href":"https:\/\/depannage-liege.be\/index.php\/wp-json\/wp\/v2\/pages\/297\/revisions\/1195"}],"wp:attachment":[{"href":"https:\/\/depannage-liege.be\/index.php\/wp-json\/wp\/v2\/media?parent=297"}],"curies":[{"name":"wp","href":"https:\/\/api.w.org\/{rel}","templated":true}]}}