{"id":203,"date":"2015-05-25T12:55:10","date_gmt":"2015-05-25T12:55:10","guid":{"rendered":"http:\/\/quanticalabs.com\/wptest\/carservice\/?page_id=203"},"modified":"2018-01-03T15:16:00","modified_gmt":"2018-01-03T14:16:00","slug":"about","status":"publish","type":"page","link":"https:\/\/depannage-liege.be\/index.php\/about\/","title":{"rendered":"ABOUT US"},"content":{"rendered":"<p>[vc_row el_class=\u00a0\u00bbmargin-top-70&Prime;][vc_column width=\u00a0\u00bb1\/2&Prime;][vc_column_text el_class=\u00a0\u00bbdescription margin-top-0&Prime;]<strong>U.C Automobiles<\/strong> se fonde sur la conviction que la satisfaction client\u00e8le est de la plus haute importance.[\/vc_column_text][vc_column_text]C&rsquo;est la raison pour laquelle nous sommes depuis 10 ans toujours plus performants dans le domaine automobile.<\/p>\n<p>Tous nos clients restent satisfaits de notre service de qualit\u00e9 propos\u00e9 dans la r\u00e9gion Li\u00e9geoise.[\/vc_column_text]<h4 class=\" box-header margin-top-40\">Pourquoi nous choisir :<\/h4><ul class=\"list margin-top-30\"><li class=\"template-bullet \"><span>Nos v\u00e9hicules font l&rsquo;objet d&rsquo;une analyse compl\u00e8te , nous proposons des v\u00e9hicules avec un historique complet.<\/span><\/li><li class=\"template-bullet \"><span>Toutes nos voitures sont en ordre d&rsquo;entretien, de contr\u00f4le et munies du CARPASS ainsi que la demande d&rsquo;immatriculation fournie \u00e0 la livraison.<\/span><\/li><li class=\"template-bullet \"><span>Par facilit\u00e9 pour vous, nous nous occupons de prendre rendez-vous gratuitement avec le contr\u00f4le technique.<\/span><\/li><li class=\"template-bullet \"><span>Nous nous d\u00e9pla\u00e7ons \u00e0 votre domicile ou sur votre lieu de travail pour prendre votre v\u00e9hicule afin de l&#8217;emmener au passage du contr\u00f4le technique.<\/span><\/li><li class=\"template-bullet \"><span>Toutes nos plaques sont couvertes par une assurance valable pour tous les types de v\u00e9hicule. (Cylindr\u00e9e illimit\u00e9e)<\/span><\/li><\/ul>[vc_row_inner top_margin=\u00a0\u00bbpage-margin-top\u00a0\u00bb][vc_column_inner]<a class=\"more\" href=\"#\" title=\"NOS SERVICES\"><span>NOS SERVICES<\/span><\/a>[\/vc_column_inner][\/vc_row_inner][\/vc_column][vc_column width=\u00a0\u00bb1\/2&Prime;][vc_single_image image=\u00a0\u00bb922&Prime; img_size=\u00a0\u00bbgallery-thumb\u00a0\u00bb onclick=\u00a0\u00bbimg_link_large\u00a0\u00bb el_class=\u00a0\u00bbcs-lightbox\u00a0\u00bb][vc_row_inner el_class=\u00a0\u00bbmargin-top-30&Prime;][vc_column_inner width=\u00a0\u00bb1\/2&Prime;][vc_single_image image=\u00a0\u00bb924&Prime; img_size=\u00a0\u00bbmedium-thumb\u00a0\u00bb onclick=\u00a0\u00bbimg_link_large\u00a0\u00bb el_class=\u00a0\u00bbcs-lightbox\u00a0\u00bb][\/vc_column_inner][vc_column_inner width=\u00a0\u00bb1\/2&Prime;][vc_single_image image=\u00a0\u00bb919&Prime; img_size=\u00a0\u00bbmedium-thumb\u00a0\u00bb onclick=\u00a0\u00bbimg_link_large\u00a0\u00bb el_class=\u00a0\u00bbcs-lightbox\u00a0\u00bb][\/vc_column_inner][\/vc_row_inner][\/vc_column][\/vc_row][vc_row type=\u00a0\u00bbfull-width\u00a0\u00bb top_margin=\u00a0\u00bbpage-margin-top-section\u00a0\u00bb el_class=\u00a0\u00bbpadding-top-70 page-padding-top padding-bottom-66&Prime; css=\u00a0\u00bb.vc_custom_1440581335043{background-color: #f5f5f5 !important;}\u00a0\u00bb][vc_column][vc_row_inner][vc_column_inner el_class=\u00a0\u00bbalign-center\u00a0\u00bb width=\u00a0\u00bb1\/4&Prime;]<div class=\"feature-item with-counter\"><span class=\"number animated-element\" data-value=\"100\"><\/span><span class=\"number sign\">%<\/span><h5>CUSTOMER<br \/>\nSATISFACTION<\/h5><\/div>[\/vc_column_inner][vc_column_inner el_class=\u00a0\u00bbalign-center\u00a0\u00bb width=\u00a0\u00bb1\/4&Prime;]<div class=\"feature-item with-counter\"><span class=\"number animated-element\" data-value=\"15\"><\/span><h5>CARS REPAIRED<br \/>\nPER DAY<\/h5><\/div>[\/vc_column_inner][vc_column_inner el_class=\u00a0\u00bbalign-center\u00a0\u00bb width=\u00a0\u00bb1\/4&Prime;]<div class=\"feature-item with-counter\"><span class=\"number animated-element\" data-value=\"702\"><\/span><h5>TIRES REPAIRED<br \/>\nA YEAR<\/h5><\/div>[\/vc_column_inner][vc_column_inner el_class=\u00a0\u00bbalign-center\u00a0\u00bb width=\u00a0\u00bb1\/4&Prime;]<div class=\"feature-item with-counter\"><span class=\"number animated-element\" data-value=\"5125\"><\/span><h5>TIGHTENED<br \/>\nBOLTS<\/h5><\/div>[\/vc_column_inner][\/vc_row_inner][\/vc_column][\/vc_row][vc_row type=\u00a0\u00bbfull-width cs-parallax\u00a0\u00bb css=\u00a0\u00bb.vc_custom_1441196548582{background-image: url(http:\/\/quanticalabs.com\/wptest\/carservice\/files\/2015\/05\/image_021.jpg?id=929) !important;}\u00a0\u00bb el_class=\u00a0\u00bbpadding-top-70 padding-bottom-66&Prime;][vc_column][vc_row_inner][vc_column_inner]<div class=\"testimonials-container type-big\"><a href=\"#\" class=\"slider-control left template-arrow-left-1\"><\/a><ul class=\"testimonials-list autoplay-0 pause_on_hover-1 scroll-1 effect-scroll easing-easeInOutQuint duration-500\"><li>\r\n\t\t\t\t\t<div class=\"hexagon small\"><div class=\"sl-small-pen\"><\/div><\/div>\r\n\t\t\t\t\t<p>\"I have taken several of the family cars here for the past several years and without exception the experiences have been outstanding. I would highly recommend this place to any one who wants great service, honest value, and really great people.\"<\/p>\r\n\t\t\t\t\t\r\n\t\t\t\t\t<div class=\"author-details-box\">\r\n\t\t\t\t\t<h6>ROBERT SMITH<\/h6>\r\n\t\t\t\t\t\r\n\t\t\t\t\t<\/div>\r\n\t\t\t\t<\/li><li>\r\n\t\t\t\t\t<div class=\"hexagon small\"><div class=\"sl-small-pen\"><\/div><\/div>\r\n\t\t\t\t\t<p>\"I have taken several of the family cars here for the past several years and without exception the experiences have been outstanding. I would highly recommend this place to any one who wants great service, honest value, and really great people.\"<\/p>\r\n\t\t\t\t\t\r\n\t\t\t\t\t<div class=\"author-details-box\">\r\n\t\t\t\t\t<h6>ROBERT SMITH<\/h6>\r\n\t\t\t\t\t\r\n\t\t\t\t\t<\/div>\r\n\t\t\t\t<\/li><li>\r\n\t\t\t\t\t<div class=\"hexagon small\"><div class=\"sl-small-pen\"><\/div><\/div>\r\n\t\t\t\t\t<p>\"I have taken several of the family cars here for the past several years and without exception the experiences have been outstanding. I would highly recommend this place to any one who wants great service, honest value, and really great people.\"<\/p>\r\n\t\t\t\t\t\r\n\t\t\t\t\t<div class=\"author-details-box\">\r\n\t\t\t\t\t<h6>ROBERT SMITH<\/h6>\r\n\t\t\t\t\t\r\n\t\t\t\t\t<\/div>\r\n\t\t\t\t<\/li><\/ul><a href=\"#\" class=\"slider-control right template-arrow-left-1\"><\/a><\/div>[\/vc_column_inner][\/vc_row_inner][\/vc_column][\/vc_row][vc_row top_margin=\u00a0\u00bbpage-margin-top-section\u00a0\u00bb el_class=\u00a0\u00bbpadding-bottom-66&Prime;][vc_column]<h2 class=\" box-header\">COMPANY OVERVIEW<\/h2>[vc_column_text el_class=\u00a0\u00bbdescription align-center\u00a0\u00bb]We can help you with everything from an oil change to an engine change.<br \/>\nWe can handle any problem on both foreign and domestic vehicles.[\/vc_column_text][vc_row_inner top_margin=\u00a0\u00bbpage-margin-top-section\u00a0\u00bb][vc_column_inner width=\u00a0\u00bb1\/3&Prime;]<div class=\"feature-item\"><h5>CAR AUDIO SERVICE<\/h5><div class=\"icon sl-small-car-audio\"><\/div><p><\/p>\n<p>Services consequat luctus at justo auctor metus est donec. Tempus terminal morbi nulla donec elite maecenas modern forte elementum vehicula.<\/p>\n<p><\/p><\/div><div class=\"feature-item\"><h5>CAR A\/C RECHARGE<\/h5><div class=\"icon sl-small-air-conditioning\"><\/div><p><\/p>\n<p>Services consequat luctus at justo auctor metus est donec. Tempus terminal morbi nulla donec elite maecenas modern forte elementum vehicula.<\/p>\n<p><\/p><\/div>[\/vc_column_inner][vc_column_inner width=\u00a0\u00bb1\/3&Prime;]<div class=\"feature-item\"><h5>FREE OIL CHANGE<\/h5><div class=\"icon sl-small-car-oil\"><\/div><p><\/p>\n<p>Services consequat luctus at justo auctor metus est donec. Tempus terminal morbi nulla donec elite maecenas modern forte elementum vehicula.<\/p>\n<p><\/p><\/div><div class=\"feature-item\"><h5>PARKING SENSORS CALIBRATION<\/h5><div class=\"icon sl-small-parking-sensor\"><\/div><p><\/p>\n<p>Services consequat luctus at justo auctor metus est donec. Tempus terminal morbi nulla donec elite maecenas modern forte elementum vehicula.<\/p>\n<p><\/p><\/div>[\/vc_column_inner][vc_column_inner width=\u00a0\u00bb1\/3&Prime;]<div class=\"feature-item\"><h5>ENGINE DIAGNOSTICS<\/h5><div class=\"icon sl-small-signal-warning\"><\/div><p><\/p>\n<p>Services consequat luctus at justo auctor metus est donec. Tempus terminal morbi nulla donec elite maecenas modern forte elementum vehicula.<\/p>\n<p><\/p><\/div><div class=\"feature-item\"><h5>CAR BATTERY REPAIRS<\/h5><div class=\"icon sl-small-car-battery\"><\/div><p><\/p>\n<p>Services consequat luctus at justo auctor metus est donec. Tempus terminal morbi nulla donec elite maecenas modern forte elementum vehicula.<\/p>\n<p><\/p><\/div>[\/vc_column_inner][\/vc_row_inner][\/vc_column][\/vc_row][vc_row type=\u00a0\u00bbfull-width\u00a0\u00bb el_class=\u00a0\u00bbpadding-top-54 padding-bottom-61 align-center\u00a0\u00bb css=\u00a0\u00bb.vc_custom_1440583950492{background-color: #f5f5f5 !important;}\u00a0\u00bb][vc_column]<h3><span class=\"button-label\">DO YOU LIKE WHAT YOU SEE<\/span><a class=\"more\" href=\"http:\/\/themeforest.net\/item\/car-service-mechanic-auto-shop-wordpress-theme\/12777824?ref=QuanticaLabs\" target=\"_blank\" title=\"PURCHASE THEME\"><span>PURCHASE THEME<\/span><\/a><\/h3>[\/vc_column][\/vc_row]<\/p>\n","protected":false},"excerpt":{"rendered":"<p>[vc_row el_class=\u00a0\u00bbmargin-top-70&Prime;][vc_column width=\u00a0\u00bb1\/2&Prime;][vc_column_text el_class=\u00a0\u00bbdescription margin-top-0&Prime;]U.C Automobiles se fonde sur la conviction que la satisfaction client\u00e8le est de la plus haute importance.[\/vc_column_text][vc_column_text]C&rsquo;est la raison pour laquelle nous sommes depuis 10 ans toujours plus performants dans le domaine automobile. Tous nos clients restent satisfaits de notre service de qualit\u00e9 propos\u00e9 dans la r\u00e9gion Li\u00e9geoise.[\/vc_column_text][vc_row_inner top_margin=\u00a0\u00bbpage-margin-top\u00a0\u00bb][vc_column_inner][\/vc_column_inner][\/vc_row_inner][\/vc_column][vc_column width=\u00a0\u00bb1\/2&Prime;][vc_single_image image=\u00a0\u00bb922&Prime;<\/p>\n","protected":false},"author":1,"featured_media":0,"parent":0,"menu_order":0,"comment_status":"closed","ping_status":"open","template":"","meta":[],"_links":{"self":[{"href":"https:\/\/depannage-liege.be\/index.php\/wp-json\/wp\/v2\/pages\/203"}],"collection":[{"href":"https:\/\/depannage-liege.be\/index.php\/wp-json\/wp\/v2\/pages"}],"about":[{"href":"https:\/\/depannage-liege.be\/index.php\/wp-json\/wp\/v2\/types\/page"}],"author":[{"embeddable":true,"href":"https:\/\/depannage-liege.be\/index.php\/wp-json\/wp\/v2\/users\/1"}],"replies":[{"embeddable":true,"href":"https:\/\/depannage-liege.be\/index.php\/wp-json\/wp\/v2\/comments?post=203"}],"version-history":[{"count":3,"href":"https:\/\/depannage-liege.be\/index.php\/wp-json\/wp\/v2\/pages\/203\/revisions"}],"predecessor-version":[{"id":1200,"href":"https:\/\/depannage-liege.be\/index.php\/wp-json\/wp\/v2\/pages\/203\/revisions\/1200"}],"wp:attachment":[{"href":"https:\/\/depannage-liege.be\/index.php\/wp-json\/wp\/v2\/media?parent=203"}],"curies":[{"name":"wp","href":"https:\/\/api.w.org\/{rel}","templated":true}]}}